{"id":366,"date":"2020-06-20T15:39:50","date_gmt":"2020-06-20T18:39:50","guid":{"rendered":"http:\/\/lanart.com.ar\/?page_id=366"},"modified":"2022-11-23T10:30:21","modified_gmt":"2022-11-23T13:30:21","slug":"organizacion","status":"publish","type":"page","link":"https:\/\/lanart.com.ar\/?page_id=366","title":{"rendered":"Organizaci\u00f3n"},"content":{"rendered":"\t\t<div data-elementor-type=\"wp-page\" data-elementor-id=\"366\" class=\"elementor elementor-366\" data-elementor-post-type=\"page\">\n\t\t\t\t\t\t<section class=\"elementor-section elementor-top-section elementor-element elementor-element-00c034e elementor-section-full_width elementor-section-height-min-height elementor-section-height-default elementor-section-items-middle\" data-id=\"00c034e\" data-element_type=\"section\" data-settings=\"{&quot;background_background&quot;:&quot;classic&quot;,&quot;background_motion_fx_opacity_effect&quot;:&quot;yes&quot;,&quot;background_motion_fx_opacity_range&quot;:{&quot;unit&quot;:&quot;%&quot;,&quot;size&quot;:&quot;&quot;,&quot;sizes&quot;:{&quot;start&quot;:39,&quot;end&quot;:66}},&quot;background_motion_fx_motion_fx_scrolling&quot;:&quot;yes&quot;,&quot;background_motion_fx_opacity_direction&quot;:&quot;in-out&quot;,&quot;background_motion_fx_opacity_level&quot;:{&quot;unit&quot;:&quot;px&quot;,&quot;size&quot;:1,&quot;sizes&quot;:[]},&quot;background_motion_fx_devices&quot;:[&quot;desktop&quot;,&quot;tablet&quot;,&quot;mobile&quot;]}\">\n\t\t\t\t\t\t\t<div class=\"elementor-background-overlay\"><\/div>\n\t\t\t\t\t\t\t<div class=\"elementor-container elementor-column-gap-default\">\n\t\t\t\t\t<div class=\"elementor-column elementor-col-100 elementor-top-column elementor-element elementor-element-79e5364\" data-id=\"79e5364\" data-element_type=\"column\">\n\t\t\t<div class=\"elementor-widget-wrap elementor-element-populated\">\n\t\t\t\t\t\t<div class=\"elementor-element elementor-element-6f50742 elementor-widget elementor-widget-heading\" data-id=\"6f50742\" data-element_type=\"widget\" data-widget_type=\"heading.default\">\n\t\t\t\t<div class=\"elementor-widget-container\">\n\t\t\t\t\t<h1 class=\"elementor-heading-title elementor-size-default\">Organizaci\u00f3n<\/h1>\t\t\t\t<\/div>\n\t\t\t\t<\/div>\n\t\t\t\t\t<\/div>\n\t\t<\/div>\n\t\t\t\t\t<\/div>\n\t\t<\/section>\n\t\t\t\t<section class=\"elementor-section elementor-top-section elementor-element elementor-element-08344e2 elementor-section-boxed elementor-section-height-default elementor-section-height-default\" data-id=\"08344e2\" data-element_type=\"section\" data-settings=\"{&quot;background_background&quot;:&quot;classic&quot;}\">\n\t\t\t\t\t\t<div class=\"elementor-container elementor-column-gap-default\">\n\t\t\t\t\t<div class=\"elementor-column elementor-col-100 elementor-top-column elementor-element elementor-element-6f35c85\" data-id=\"6f35c85\" data-element_type=\"column\" data-settings=\"{&quot;background_background&quot;:&quot;classic&quot;}\">\n\t\t\t<div class=\"elementor-widget-wrap elementor-element-populated\">\n\t\t\t\t\t\t<div class=\"elementor-element elementor-element-1d6f7c7 elementor-invisible elementor-widget elementor-widget-image\" data-id=\"1d6f7c7\" data-element_type=\"widget\" data-settings=\"{&quot;_animation&quot;:&quot;fadeIn&quot;}\" data-widget_type=\"image.default\">\n\t\t\t\t<div class=\"elementor-widget-container\">\n\t\t\t\t\t\t\t\t\t\t\t\t\t\t\t<img fetchpriority=\"high\" decoding=\"async\" width=\"2500\" height=\"1800\" src=\"https:\/\/lanart.com.ar\/wp-content\/uploads\/2022\/11\/DIRECCION-1-1.png\" class=\"attachment-full size-full wp-image-1404\" alt=\"\" srcset=\"https:\/\/lanart.com.ar\/wp-content\/uploads\/2022\/11\/DIRECCION-1-1.png 2500w, https:\/\/lanart.com.ar\/wp-content\/uploads\/2022\/11\/DIRECCION-1-1-300x216.png 300w, https:\/\/lanart.com.ar\/wp-content\/uploads\/2022\/11\/DIRECCION-1-1-1024x737.png 1024w, https:\/\/lanart.com.ar\/wp-content\/uploads\/2022\/11\/DIRECCION-1-1-768x553.png 768w, https:\/\/lanart.com.ar\/wp-content\/uploads\/2022\/11\/DIRECCION-1-1-1536x1106.png 1536w, https:\/\/lanart.com.ar\/wp-content\/uploads\/2022\/11\/DIRECCION-1-1-2048x1475.png 2048w\" sizes=\"(max-width: 2500px) 100vw, 2500px\" \/>\t\t\t\t\t\t\t\t\t\t\t\t\t\t\t<\/div>\n\t\t\t\t<\/div>\n\t\t\t\t<div class=\"elementor-element elementor-element-45e3df8 elementor-invisible elementor-widget elementor-widget-image-box\" data-id=\"45e3df8\" data-element_type=\"widget\" data-settings=\"{&quot;_animation&quot;:&quot;fadeIn&quot;}\" data-widget_type=\"image-box.default\">\n\t\t\t\t<div class=\"elementor-widget-container\">\n\t\t\t\t\t<div class=\"elementor-image-box-wrapper\"><div class=\"elementor-image-box-content\"><h3 class=\"elementor-image-box-title\">Departamento de residuos<\/h3><p class=\"elementor-image-box-description\"><p>El trabajo de este departamento es la determinaci\u00f3n de residuos de sustancias agregadas a los cultivos para protecci\u00f3n contra el ataque de plagas o a los productos alimenticios para para su conservaci\u00f3n de los alimentos o por alguna necesidad t\u00e9cnica espec\u00edfica.\nLas principales l\u00edneas de investigaci\u00f3n que lleva adelante el Instituto en este campo son:\n<br><br>\n<strong>\n\u2022 Investigaci\u00f3n en agentes de protecci\u00f3n de cultivos en tabaco\n<br>\n\u2022 Evaluaciones primarias del contenido de pesticidas en la producci\u00f3n de frutas y hortalizas en Jujuy \n<br>\n\u2022 An\u00e1lisis de contaminantes org\u00e1nicos en agua de bebida, efluentes y r\u00edos<\/strong><\/p><\/p><\/div><\/div>\t\t\t\t<\/div>\n\t\t\t\t<\/div>\n\t\t\t\t<div class=\"elementor-element elementor-element-e69879d elementor-invisible elementor-widget elementor-widget-image-box\" data-id=\"e69879d\" data-element_type=\"widget\" data-settings=\"{&quot;_animation&quot;:&quot;fadeIn&quot;,&quot;_animation_delay&quot;:200}\" data-widget_type=\"image-box.default\">\n\t\t\t\t<div class=\"elementor-widget-container\">\n\t\t\t\t\t<div class=\"elementor-image-box-wrapper\"><div class=\"elementor-image-box-content\"><h3 class=\"elementor-image-box-title\">Departamento de trazas<\/h3><p class=\"elementor-image-box-description\"><p>En este departamento se estudian y analizan las sustancias traza que se encuentran en aguas y alimentos. Cuenta con equipamiento anal\u00edtico para la determinaci\u00f3n de: cobre, hierro, aluminio, boro, cromo, cinc, cadmio, manganeso y ars\u00e9nico en agua. La principal l\u00ednea de investigaci\u00f3n que lleva adelante el Instituto en este campo es:\n<br><br>\n<strong>\u2022 An\u00e1lisis de metales traza en agua potable<\/strong>><\/p><\/p><\/div><\/div>\t\t\t\t<\/div>\n\t\t\t\t<\/div>\n\t\t\t\t<div class=\"elementor-element elementor-element-4bdfd49 elementor-invisible elementor-widget elementor-widget-image-box\" data-id=\"4bdfd49\" data-element_type=\"widget\" data-settings=\"{&quot;_animation&quot;:&quot;fadeIn&quot;,&quot;_animation_delay&quot;:300}\" data-widget_type=\"image-box.default\">\n\t\t\t\t<div class=\"elementor-widget-container\">\n\t\t\t\t\t<div class=\"elementor-image-box-wrapper\"><div class=\"elementor-image-box-content\"><h3 class=\"elementor-image-box-title\">Departamento de microbiolog\u00eda<\/h3><p class=\"elementor-image-box-description\"><p>Se realizan determinaciones de los principales indicadores microbiol\u00f3gicos que indican el estado sanitario del agua:  bacterias aerobias totales, bacterias coliformes, Escherichia coli y Pseudomona aeruginosa. En alimentos se controlan esos indicadores, adem\u00e1s de Salmonella y Listeria monocytogenes que constituyen un grupo importante de pat\u00f3genos para humanos.\n<br>\nLas principales l\u00edneas de investigaci\u00f3n que lleva adelante el Instituto en este campo son:\n<br><br>\n<strong>\n\u2022\tAn\u00e1lisis bacteriol\u00f3gicos en aguas y efluentes\n<br>\n\u2022\tEvaluaciones bacteriol\u00f3gicas en frutas y verduras producidas en Jujuy.<\/strong><\/p><\/p><\/div><\/div>\t\t\t\t<\/div>\n\t\t\t\t<\/div>\n\t\t\t\t<div class=\"elementor-element elementor-element-3d31b79 elementor-invisible elementor-widget elementor-widget-image-box\" data-id=\"3d31b79\" data-element_type=\"widget\" data-settings=\"{&quot;_animation&quot;:&quot;fadeIn&quot;,&quot;_animation_delay&quot;:400}\" data-widget_type=\"image-box.default\">\n\t\t\t\t<div class=\"elementor-widget-container\">\n\t\t\t\t\t<div class=\"elementor-image-box-wrapper\"><div class=\"elementor-image-box-content\"><h3 class=\"elementor-image-box-title\">Departamento f\u00edsico-qu\u00edmico y ambiental<\/h3><p class=\"elementor-image-box-description\"><p>Se trabaja en la determinaci\u00f3n de: DBO, DQO, Ox\u00edgeno disuelto, pH, conductividad, colorimetr\u00eda, dureza, alcalinidad y contenidos de sulfatos, nitratos, nitritos, fluoruros y nitr\u00f3geno amoniacal en agua y efluentes.\nLas principales l\u00edneas de investigaci\u00f3n que lleva adelante el Instituto en este campo son:\n<br><br>\n<strong>\n\u2022 An\u00e1lisis f\u00edsico-qu\u00edmicos en aguas y efluentes\n<br>\n\u2022 Determinaci\u00f3n de bifenilos policlorados en aceites de transformadores el\u00e9ctricos<\/strong><\/p><\/p><\/div><\/div>\t\t\t\t<\/div>\n\t\t\t\t<\/div>\n\t\t\t\t<div class=\"elementor-element elementor-element-67bf65f elementor-widget elementor-widget-spacer\" data-id=\"67bf65f\" data-element_type=\"widget\" data-widget_type=\"spacer.default\">\n\t\t\t\t<div class=\"elementor-widget-container\">\n\t\t\t\t\t\t\t<div class=\"elementor-spacer\">\n\t\t\t<div class=\"elementor-spacer-inner\"><\/div>\n\t\t<\/div>\n\t\t\t\t\t\t<\/div>\n\t\t\t\t<\/div>\n\t\t\t\t\t<\/div>\n\t\t<\/div>\n\t\t\t\t\t<\/div>\n\t\t<\/section>\n\t\t\t\t<\/div>\n\t\t","protected":false},"excerpt":{"rendered":"<p>Organizaci\u00f3n Departamento de residuos El trabajo de este departamento es la determinaci\u00f3n de residuos de sustancias agregadas a los cultivos para protecci\u00f3n contra el ataque de plagas o a los productos alimenticios para para su conservaci\u00f3n de los alimentos o por alguna necesidad t\u00e9cnica espec\u00edfica. Las principales l\u00edneas de investigaci\u00f3n que lleva adelante el Instituto &#8230; <a title=\"Organizaci\u00f3n\" class=\"read-more\" href=\"https:\/\/lanart.com.ar\/?page_id=366\">Leer m\u00e1s <span class=\"screen-reader-text\">Organizaci\u00f3n<\/span><\/a><\/p>\n","protected":false},"author":1,"featured_media":0,"parent":0,"menu_order":0,"comment_status":"closed","ping_status":"closed","template":"elementor_header_footer","meta":{"footnotes":""},"class_list":["post-366","page","type-page","status-publish"],"_links":{"self":[{"href":"https:\/\/lanart.com.ar\/index.php?rest_route=\/wp\/v2\/pages\/366","targetHints":{"allow":["GET"]}}],"collection":[{"href":"https:\/\/lanart.com.ar\/index.php?rest_route=\/wp\/v2\/pages"}],"about":[{"href":"https:\/\/lanart.com.ar\/index.php?rest_route=\/wp\/v2\/types\/page"}],"author":[{"embeddable":true,"href":"https:\/\/lanart.com.ar\/index.php?rest_route=\/wp\/v2\/users\/1"}],"replies":[{"embeddable":true,"href":"https:\/\/lanart.com.ar\/index.php?rest_route=%2Fwp%2Fv2%2Fcomments&post=366"}],"version-history":[{"count":54,"href":"https:\/\/lanart.com.ar\/index.php?rest_route=\/wp\/v2\/pages\/366\/revisions"}],"predecessor-version":[{"id":1410,"href":"https:\/\/lanart.com.ar\/index.php?rest_route=\/wp\/v2\/pages\/366\/revisions\/1410"}],"wp:attachment":[{"href":"https:\/\/lanart.com.ar\/index.php?rest_route=%2Fwp%2Fv2%2Fmedia&parent=366"}],"curies":[{"name":"wp","href":"https:\/\/api.w.org\/{rel}","templated":true}]}}